{"id":38,"date":"2009-11-21T13:44:18","date_gmt":"2009-11-21T14:44:18","guid":{"rendered":"http:\/\/www.rezept-backen.de\/?page_id=38"},"modified":"2009-11-22T13:00:23","modified_gmt":"2009-11-22T14:00:23","slug":"impressum","status":"publish","type":"page","link":"http:\/\/www.rezept-backen.de\/?page_id=38","title":{"rendered":"Impressum"},"content":{"rendered":"<p><strong>Anbieter und verantwortlich f\u00fcr den Inhalt dieser Internetseiten<\/strong><\/p>\n<p><strong>Inhaber:<\/strong><br \/>\n<em><br \/>\nWilfried Sch\u00f6nlau<br \/>\nR\u00f6ddep\u00f6hler Weg 37<br \/>\n32805 Horn-Bad Meinberg<br \/>\nTel.: 05234 &#8211; 820855<\/em><br \/>\n<em><br \/>\nUSt.-Id. Nr.: DE 170044164<br \/>\ne-Mail Anfragen an: info@schoenlau-edv.de<\/em><\/p>\n<ul>\n<p>Mit Urteil vom 12. Mai 1998 hat das Landgericht Hamburg entschieden, dass man durch die Ausbringung eines Links die Inhalte der gelinkten Seite eventuell mit zu verantworten hat. Dies kann so das LG &#8211; nur dadurch verhindert werden, dass man sich ausdr&uuml;cklich von diesen Inhalten distanziert.<\/p>\n<p>Zu den auf diesen Seiten befindlichen Links gilt:<br \/>\nDer Webmaster dieser Seiten m&ouml;chte ausdr&uuml;cklich betonen, dass er keinerlei Einfluss auf die Gestaltung und die Inhalte der gelinkten Seiten hat. Aus diesem Grund distanziert sich der Webmaster und das Redaktionsteam dieser Seiten ausdr&uuml;cklich von allen Inhalten aller gelinkten Seiten auf dieser Internetpr&auml;senz und macht sich deren Inhalte nicht zu eigen. Diese Erkl&auml;rung gilt f&uuml;r alle Links. Obwohl die Seiteninhalte stets &uuml;berpr&uuml;ft werden, kann keine Gew&auml;hr f&uuml;r die Richtigkeit und Aktualit&auml;t der Informationen &uuml;bernommen werden.<br \/>\nKommentare, Anmerkungen, Bildunterschriften, etc. sind Werke ihrer jeweiligen Autoren, d.h. der jeweilige Verfasser ist f&uuml;r diese Inhalte verantwortlich. Mit der Nutzung dieser Internetpr&auml;senz erkl&auml;rt sich jener damit einverstanden. Eventuelle Rechtsbelange innerhalb dieses Zusammenhanges treten somit an diesen. Die Redaktion distanziert sich mit dieser Aussage von evtl. Beleidigungen o.&auml;., welche auf dem Angebot dieser Seiten vorhanden sein k&ouml;nnten. F&uuml;r evtl. Belange sind die jeweiligen Autoren verantwortlich und nicht die Redaktion.Die Redaktion kann somit nicht zur Verantwortung gezogen werden. Personenbezogene Daten sind Informationen, die dazu genutzt werden k&ouml;nnen, Ihre Identit&auml;t zu erfahren. Darunter fallen Informationen wie Ihr richtiger Name, Adresse, Postanschrift oder Telefonnummer. Informationen, die nicht direkt mit Ihrer wirklichen Identit&auml;t in Verbindung gebracht werden (wie zum Beispiel favorisierte Webseiten oder Anzahl der Nutzer einer Site) fallen nicht darunter. Sie k&ouml;nnen unser Online-Angebot grunds&auml;tzlich ohne Offenlegung Ihrer Identit&auml;t nutzen. Sollten Sie zur Eingabe Ihres Namen, Ihrer e-Mailadresse o.&auml;. aufgefordert werden, unterliegt es Ihrer freien Entscheidung, ob Sie diese Daten eingeben. In Verbindung mit Ihrem Zugriff werden auf unseren Servern Daten f&uuml;r Sicherungszwecke gespeichert, die m&ouml;glicherweise eine Identifizierung zulassen (zum Beispiel IP-Adresse, Datum, Uhrzeit und betrachtete Seiten). Es findet keine personenbezogene Verwertung statt. Die statistische Auswertung anonymisierter Datens&auml;tze bleibt vorbehalten. Wir geben Ihre personenbezogene Daten nicht an Dritte weiter.<\/ul>\n<ul>\nAlle Rechte vorbehalten. Die hier zur Verf&uuml;gung gestellten Inhalte (so u.a. Daten, Fotos) sind lediglich zur pers&ouml;nlichen Information bestimmt. Jedes Kopieren oder Ver&ouml;ffentlichen in anderer Form bedarf unserer ausdr&uuml;cklichen Genehmigung.<\/ul>\n","protected":false},"excerpt":{"rendered":"<p>Anbieter und verantwortlich f\u00fcr den Inhalt dieser Internetseiten Inhaber: Wilfried Sch\u00f6nlau R\u00f6ddep\u00f6hler Weg 37 32805 Horn-Bad Meinberg Tel.: 05234 &#8211; 820855 USt.-Id. Nr.: DE 170044164 e-Mail Anfragen an: info@schoenlau-edv.de Mit Urteil vom 12. Mai 1998 hat das Landgericht Hamburg entschieden, dass man durch die Ausbringung eines Links die Inhalte der gelinkten Seite eventuell mit zu [&hellip;]<\/p>\n","protected":false},"author":1,"featured_media":0,"parent":0,"menu_order":0,"comment_status":"open","ping_status":"open","template":"","meta":[],"_links":{"self":[{"href":"http:\/\/www.rezept-backen.de\/index.php?rest_route=\/wp\/v2\/pages\/38"}],"collection":[{"href":"http:\/\/www.rezept-backen.de\/index.php?rest_route=\/wp\/v2\/pages"}],"about":[{"href":"http:\/\/www.rezept-backen.de\/index.php?rest_route=\/wp\/v2\/types\/page"}],"author":[{"embeddable":true,"href":"http:\/\/www.rezept-backen.de\/index.php?rest_route=\/wp\/v2\/users\/1"}],"replies":[{"embeddable":true,"href":"http:\/\/www.rezept-backen.de\/index.php?rest_route=%2Fwp%2Fv2%2Fcomments&post=38"}],"version-history":[{"count":12,"href":"http:\/\/www.rezept-backen.de\/index.php?rest_route=\/wp\/v2\/pages\/38\/revisions"}],"predecessor-version":[{"id":132,"href":"http:\/\/www.rezept-backen.de\/index.php?rest_route=\/wp\/v2\/pages\/38\/revisions\/132"}],"wp:attachment":[{"href":"http:\/\/www.rezept-backen.de\/index.php?rest_route=%2Fwp%2Fv2%2Fmedia&parent=38"}],"curies":[{"name":"wp","href":"https:\/\/api.w.org\/{rel}","templated":true}]}}